{"id":368,"date":"2023-12-05T11:29:53","date_gmt":"2023-12-05T10:29:53","guid":{"rendered":"https:\/\/entrez-en-asana.com\/?page_id=368"},"modified":"2024-02-22T16:04:10","modified_gmt":"2024-02-22T15:04:10","slug":"accompagnement","status":"publish","type":"page","link":"https:\/\/entrez-en-asana.com\/index.php\/accompagnement\/","title":{"rendered":"Un temps pour soi"},"content":{"rendered":"\n<div class=\"wp-block-uagb-separator uagb-block-12d3ba17\"><div class=\"wp-block-uagb-separator__inner\" style=\"--my-background-image:\"><\/div><\/div>\n\n\n\n<div class=\"wp-block-uagb-separator uagb-block-a7fe788e\"><div class=\"wp-block-uagb-separator__inner\" style=\"--my-background-image:\"><\/div><\/div>\n\n\n\n<div class=\"wp-block-uagb-advanced-heading uagb-block-a34e27c8\"><h2 class=\"uagb-heading-text\">Un temps pour soi<\/h2><\/div>\n\n\n\n<div class=\"wp-block-uagb-separator uagb-block-9e4c7758\"><div class=\"wp-block-uagb-separator__inner\" style=\"--my-background-image:\"><\/div><\/div>\n\n\n\n<p><p align=\"justify\" style=\"font-size:18px;\"> La forme typique d&rsquo;un cours de Yoga personnalis\u00e9 est l&rsquo;utilisation d&rsquo;accessoires pour permettre de meilleurs ajustements &#8211; ce qui est moins ais\u00e9ment faisable dans un cours collectif. Cela permet aussi de proposer des s\u00e9ances de ce qu&rsquo;on nomme aujourd\u2019hui en anglais du Restorative Yoga, qui est un travail dans la d\u00e9tente, une fois plac\u00e9e dans des postures singuli\u00e8res \u00e0 l&rsquo;aide de ces m\u00eames accessoires. Comme son nom l&rsquo;indique, ce type de s\u00e9ances est destin\u00e9 \u00e0 produire des effets de corrections et d&rsquo;ajustements passifs en maintenant des structures physiques \u00e0 la fois dans le temps et le rel\u00e2chement musculaire.\nCe temps pour soi peut aussi prendre diff\u00e9rentes formes selon le besoin de chacun et de chacune. Vous trouverez un espace et d&rsquo;un temps pour \u00eatre \u00e9cout\u00e9.e et entendu.e. Et ce moment peut \u00eatre prolonger ensuite par un soin qui sera de nature diff\u00e9rente en fonction du ressenti : un massage sonore, un massage \u00e0 l&rsquo;huile, un accompagnement dont vous avez besoin \u00e0 un moment donn\u00e9.\nPour ce qui est du cours de yoga particulier, il peut se d\u00e9rouler soit dans mon studio de yoga, soit \u00e0 domicile, soit en distanciel (whatsapp, skype, ou bien zoom). \n\n\n\n<div class=\"wp-block-uagb-separator uagb-block-a2ea380c\"><div class=\"wp-block-uagb-separator__inner\" style=\"--my-background-image:\"><\/div><\/div>\n\n\n\n<div class=\"wp-block-uagb-forms uagb-forms__outer-wrap uagb-block-6e019e72 uagb-forms__medium-btn\"><form class=\"uagb-forms-main-form\" method=\"post\" autocomplete=\"on\" name=\"uagb-form-6e019e72\">\n<div class=\"wp-block-uagb-forms-name uagb-forms-name-wrap uagb-forms-field-set uagb-block-348b6741\"><div class=\"uagb-forms-name-label required uagb-forms-input-label\" id=\"348b6741\">Pr\u00e9nom<\/div><input type=\"text\" placeholder=\"John\" required class=\"uagb-forms-name-input uagb-forms-input\" name=\"348b6741\" autocomplete=\"given-name\"\/><\/div>\n\n\n\n<div class=\"wp-block-uagb-forms-name uagb-forms-name-wrap uagb-forms-field-set uagb-block-31fe966e\"><div class=\"uagb-forms-name-label required uagb-forms-input-label\" id=\"31fe966e\">Nom de Famille<\/div><input type=\"text\" placeholder=\"Doe\" required class=\"uagb-forms-name-input uagb-forms-input\" name=\"31fe966e\" autocomplete=\"family-name\"\/><\/div>\n\n\n\n<div class=\"wp-block-uagb-forms-email uagb-forms-email-wrap uagb-forms-field-set uagb-block-67ba9345\"><div class=\"uagb-forms-email-label  uagb-forms-input-label\" id=\"67ba9345\">E-mail<\/div><input type=\"email\" class=\"uagb-forms-email-input uagb-forms-input\" placeholder=\"exemple@mail.com\" name=\"67ba9345\" autocomplete=\"email\"\/><\/div>\n\n\n\n<div class=\"wp-block-uagb-forms-textarea uagb-forms-textarea-wrap uagb-forms-field-set uagb-block-3ea8feff\"><div class=\"uagb-forms-textarea-label required uagb-forms-input-label\" id=\"3ea8feff\">Message<\/div><textarea required class=\"uagb-forms-textarea-input uagb-forms-input\" rows=\"4\" placeholder=\"Saisissez votre message\" name=\"3ea8feff\" autocomplete=\"off\"><\/textarea><\/div>\n<div class=\"uagb-forms-form-hidden-data\"><input type=\"hidden\" class=\"uagb_forms_form_label\" value=\"Formulaire Spectra\"\/><input type=\"hidden\" class=\"uagb_forms_form_id\" value=\"uagb-form-6e019e72\"\/><\/div><div class=\"uagb-form-reacaptcha-error-6e019e72\"><\/div><div class=\"uagb-forms-main-submit-button-wrap wp-block-button\"><button class=\"uagb-forms-main-submit-button wp-block-button__link\"><div class=\"uagb-forms-main-submit-button-text\">Envoyer<\/div><\/button><\/div><\/form><div class=\"uagb-forms-success-message-6e019e72 uagb-forms-submit-message-hide\"><span>Le formulaire a bien \u00e9t\u00e9 envoy\u00e9\u00a0!<\/span><\/div><div class=\"uagb-forms-failed-message-6e019e72 uagb-forms-submit-message-hide\"><span>Une erreur s\u2019est produite lors de l\u2019envoi du formulaire. Veuillez v\u00e9rifier \u00e0 nouveau tous les champs du formulaire.<\/span><\/div><\/div>\n\n\n\n<figure class=\"wp-block-gallery has-nested-images columns-default is-cropped wp-block-gallery-1 is-layout-flex wp-block-gallery-is-layout-flex\"><\/figure>\n\n\n\n<div class=\"wp-block-uagb-separator uagb-block-f189b3ea\"><div class=\"wp-block-uagb-separator__inner\" style=\"--my-background-image:\"><\/div><\/div>\n","protected":false},"excerpt":{"rendered":"<p>Un temps pour soi La forme typique d&rsquo;un cours de Yoga personnalis\u00e9 est l&rsquo;utilisation d&rsquo;accessoires pour permettre de meilleurs ajustements &#8211; ce qui est moins ais\u00e9ment faisable dans un cours&hellip;&nbsp;<a href=\"https:\/\/entrez-en-asana.com\/index.php\/accompagnement\/\" class=\"\" rel=\"bookmark\">Lire la suite &raquo;<span class=\"screen-reader-text\">Un temps pour soi<\/span><\/a><\/p>\n","protected":false},"author":1,"featured_media":0,"parent":0,"menu_order":0,"comment_status":"closed","ping_status":"closed","template":"","meta":{"content-type":"","_uag_custom_page_level_css":"","neve_meta_sidebar":"","neve_meta_container":"","neve_meta_enable_content_width":"","neve_meta_content_width":0,"neve_meta_title_alignment":"center","neve_meta_author_avatar":"","neve_post_elements_order":"","neve_meta_disable_header":"","neve_meta_disable_footer":"","neve_meta_disable_title":"on","_ti_tpc_template_sync":false,"_ti_tpc_template_id":"","footnotes":""},"class_list":["post-368","page","type-page","status-publish","hentry"],"uagb_featured_image_src":{"full":false,"thumbnail":false,"medium":false,"medium_large":false,"large":false,"1536x1536":false,"2048x2048":false,"neve-blog":false},"uagb_author_info":{"display_name":"admin2026","author_link":"https:\/\/entrez-en-asana.com\/index.php\/author\/admin2026\/"},"uagb_comment_info":0,"uagb_excerpt":"Un temps pour soi La forme typique d&rsquo;un cours de Yoga personnalis\u00e9 est l&rsquo;utilisation d&rsquo;accessoires pour permettre de meilleurs ajustements &#8211; ce qui est moins ais\u00e9ment faisable dans un cours&hellip;&nbsp;Lire la suite &raquo;Un temps pour soi","_links":{"self":[{"href":"https:\/\/entrez-en-asana.com\/index.php\/wp-json\/wp\/v2\/pages\/368","targetHints":{"allow":["GET"]}}],"collection":[{"href":"https:\/\/entrez-en-asana.com\/index.php\/wp-json\/wp\/v2\/pages"}],"about":[{"href":"https:\/\/entrez-en-asana.com\/index.php\/wp-json\/wp\/v2\/types\/page"}],"author":[{"embeddable":true,"href":"https:\/\/entrez-en-asana.com\/index.php\/wp-json\/wp\/v2\/users\/1"}],"replies":[{"embeddable":true,"href":"https:\/\/entrez-en-asana.com\/index.php\/wp-json\/wp\/v2\/comments?post=368"}],"version-history":[{"count":39,"href":"https:\/\/entrez-en-asana.com\/index.php\/wp-json\/wp\/v2\/pages\/368\/revisions"}],"predecessor-version":[{"id":1809,"href":"https:\/\/entrez-en-asana.com\/index.php\/wp-json\/wp\/v2\/pages\/368\/revisions\/1809"}],"wp:attachment":[{"href":"https:\/\/entrez-en-asana.com\/index.php\/wp-json\/wp\/v2\/media?parent=368"}],"curies":[{"name":"wp","href":"https:\/\/api.w.org\/{rel}","templated":true}]}}