{"id":263,"date":"2023-12-03T15:57:20","date_gmt":"2023-12-03T14:57:20","guid":{"rendered":"https:\/\/entrez-en-asana.com\/?page_id=263"},"modified":"2025-01-01T22:54:48","modified_gmt":"2025-01-01T21:54:48","slug":"yoga-nidra","status":"publish","type":"page","link":"https:\/\/entrez-en-asana.com\/index.php\/yoga-nidra\/","title":{"rendered":"Yoga Nidra"},"content":{"rendered":"\n<hr class=\"wp-block-separator has-text-color has-alpha-channel-opacity has-background is-style-default\" style=\"background-color:#ffffff00;color:#ffffff00\"\/>\n\n\n\n<div class=\"wp-block-uagb-advanced-heading uagb-block-1f449ddf\"><h2 class=\"uagb-heading-text\">Yoga Nidra<\/h2><\/div>\n\n\n\n<hr class=\"wp-block-separator has-text-color has-alpha-channel-opacity has-background is-style-default\" style=\"background-color:#ffffff00;color:#ffffff00\"\/>\n\n\n\n<hr class=\"wp-block-separator has-text-color has-alpha-channel-opacity has-background is-style-default\" style=\"background-color:#ffffff00;color:#ffffff00\"\/>\n\n\n\n<div class=\"wp-block-media-text is-stacked-on-mobile\" style=\"grid-template-columns:28% auto\"><figure class=\"wp-block-media-text__media\"><img loading=\"lazy\" decoding=\"async\" width=\"1024\" height=\"1024\" src=\"https:\/\/entrez-en-asana.com\/wp-content\/uploads\/2025\/01\/mini-pour-site.jpg\" alt=\"\" class=\"wp-image-2587 size-full\" srcset=\"https:\/\/entrez-en-asana.com\/wp-content\/uploads\/2025\/01\/mini-pour-site.jpg 1024w, https:\/\/entrez-en-asana.com\/wp-content\/uploads\/2025\/01\/mini-pour-site-300x300.jpg 300w, https:\/\/entrez-en-asana.com\/wp-content\/uploads\/2025\/01\/mini-pour-site-150x150.jpg 150w, https:\/\/entrez-en-asana.com\/wp-content\/uploads\/2025\/01\/mini-pour-site-768x768.jpg 768w\" sizes=\"auto, (max-width: 1024px) 100vw, 1024px\" \/><\/figure><div class=\"wp-block-media-text__content\">\n<p><\/p>\n\n\n\n<p align=\"justify\" style=\"font-size:18px\"> C&rsquo;est le Yoga du Sommeil. Le terme nidr\u0101 traduit depuis le sanskrit d\u00e9signe \u00ab un \u00e9tat de conscience mi-endormi mi-\u00e9veill\u00e9 n\u00e9cessitant la pleine utilisation de ses facult\u00e9s mentales.\u00bb La pratique s&rsquo;apparente \u00e0 certaines techniques d&rsquo;hypnose, et s&rsquo;entend volontiers comme une sophrologie particuli\u00e8re. <br> <br> Pour les ateliers de yoga nidra ci-dessous, les illustrations sont volontairement marqu\u00e9es du sceau de la bande dessin\u00e9e, car une session de yoga nidra s&rsquo;appuie sur une invitation \u00e0 voyager au travers de nombreuses visualisations symboliques et de parcours corporels&#8230; <\/p>\n<\/div><\/div>\n\n\n\n<hr class=\"wp-block-separator has-text-color has-alpha-channel-opacity has-background is-style-default\" style=\"background-color:#ffffff00;color:#ffffff00\"\/>\n\n\n\n<hr class=\"wp-block-separator has-text-color has-alpha-channel-opacity has-background is-style-default\" style=\"background-color:#ffffff00;color:#ffffff00\"\/>\n\n\n\n<div class=\"wp-block-media-text is-stacked-on-mobile\" style=\"grid-template-columns:28% auto\" id=\"sourire\"><figure class=\"wp-block-media-text__media\"><a href=\"#sourire\"><img loading=\"lazy\" decoding=\"async\" width=\"953\" height=\"1024\" src=\"https:\/\/entrez-en-asana.com\/wp-content\/uploads\/2023\/12\/Le-sourire-yoga-nidra-def-953x1024.jpg\" alt=\"\" class=\"wp-image-351 size-full\" srcset=\"https:\/\/entrez-en-asana.com\/wp-content\/uploads\/2023\/12\/Le-sourire-yoga-nidra-def-953x1024.jpg 953w, https:\/\/entrez-en-asana.com\/wp-content\/uploads\/2023\/12\/Le-sourire-yoga-nidra-def-279x300.jpg 279w, https:\/\/entrez-en-asana.com\/wp-content\/uploads\/2023\/12\/Le-sourire-yoga-nidra-def-768x825.jpg 768w, https:\/\/entrez-en-asana.com\/wp-content\/uploads\/2023\/12\/Le-sourire-yoga-nidra-def-1429x1536.jpg 1429w, https:\/\/entrez-en-asana.com\/wp-content\/uploads\/2023\/12\/Le-sourire-yoga-nidra-def-1905x2048.jpg 1905w\" sizes=\"auto, (max-width: 953px) 100vw, 953px\" \/><\/a><\/figure><div class=\"wp-block-media-text__content\">\n<p><p align=\"justify\" style=\"font-size:18px\">Cette s\u00e9ance de yoga nidra invite \u00e0 une introspection singuli\u00e8re o\u00f9 le sourire devient un \u00e9tat d&rsquo;\u00e2me. Cette pratique se distingue par sa capacit\u00e9 \u00e0 diffuser un sourire int\u00e9rieur \u00e0 travers tout le corps, \u00e9tablissant un lien harmonieux entre le corpset l&rsquo;esprit. A la fois subtile et profonde, le yoga nidra nous guide vers un \u00e9quilibre d\u00e9licat entre \u00e9veil et sommeil, ouvrant la voie \u00e0 une tranquillit\u00e9 et un contentement in\u00e9dits&#8230;<\/p>\n\n\n\n<p>Prochaine date de l&rsquo;atelier : prochainement&#8230;<\/p>\n<\/div><\/div>\n\n\n\n<hr class=\"wp-block-separator has-text-color has-alpha-channel-opacity has-background is-style-default\" style=\"background-color:#ffffff00;color:#ffffff00\"\/>\n\n\n\n<div class=\"wp-block-media-text is-stacked-on-mobile\" style=\"grid-template-columns:28% auto\" id=\"soham\"><figure class=\"wp-block-media-text__media\"><a href=\"#soham\"><img loading=\"lazy\" decoding=\"async\" width=\"984\" height=\"1024\" src=\"https:\/\/entrez-en-asana.com\/wp-content\/uploads\/2023\/12\/So-Ham-984x1024.jpg\" alt=\"\" class=\"wp-image-348 size-full\" srcset=\"https:\/\/entrez-en-asana.com\/wp-content\/uploads\/2023\/12\/So-Ham-984x1024.jpg 984w, https:\/\/entrez-en-asana.com\/wp-content\/uploads\/2023\/12\/So-Ham-288x300.jpg 288w, https:\/\/entrez-en-asana.com\/wp-content\/uploads\/2023\/12\/So-Ham-768x799.jpg 768w, https:\/\/entrez-en-asana.com\/wp-content\/uploads\/2023\/12\/So-Ham-1476x1536.jpg 1476w, https:\/\/entrez-en-asana.com\/wp-content\/uploads\/2023\/12\/So-Ham-1969x2048.jpg 1969w\" sizes=\"auto, (max-width: 984px) 100vw, 984px\" \/><\/a><\/figure><div class=\"wp-block-media-text__content\">\n<p><p align=\"justify\" style=\"font-size:18px\">Ce yoga nidra nous guide vers une relaxation profonde en s&rsquo;appuyant sur la gravit\u00e9 et la conscience de la respiration. Cette s\u00e9ance, centr\u00e9e sur l&rsquo;harmonisation du mouvement corporel et du souffle est ponctu\u00e9e par le mantra \u00ab\u00a0SO HAM\u00a0\u00bb, qui agit comme une suggestion subtile guidant le flux de la pens\u00e9e et de la respiration et invite \u00e0 une introspection o\u00f9 se m\u00ealent, en \u00e9quilibre, contentement et nostalgie.<\/p>\n\n\n\n<p>Prochaine date de l&rsquo;atelier : prochainement&#8230;<\/p>\n<\/div><\/div>\n\n\n\n<hr class=\"wp-block-separator has-text-color has-alpha-channel-opacity has-background is-style-default\" style=\"background-color:#ffffff00;color:#ffffff00\"\/>\n\n\n\n<div class=\"wp-block-media-text is-stacked-on-mobile\" style=\"grid-template-columns:28% auto\" id=\"arbre\"><figure class=\"wp-block-media-text__media\"><a href=\"#arbre\"><img loading=\"lazy\" decoding=\"async\" width=\"1024\" height=\"1024\" src=\"https:\/\/entrez-en-asana.com\/wp-content\/uploads\/2023\/12\/YOGA-NIDRA-ARBRE-INT.png\" alt=\"\" class=\"wp-image-913 size-full\" srcset=\"https:\/\/entrez-en-asana.com\/wp-content\/uploads\/2023\/12\/YOGA-NIDRA-ARBRE-INT.png 1024w, https:\/\/entrez-en-asana.com\/wp-content\/uploads\/2023\/12\/YOGA-NIDRA-ARBRE-INT-300x300.png 300w, https:\/\/entrez-en-asana.com\/wp-content\/uploads\/2023\/12\/YOGA-NIDRA-ARBRE-INT-150x150.png 150w, https:\/\/entrez-en-asana.com\/wp-content\/uploads\/2023\/12\/YOGA-NIDRA-ARBRE-INT-768x768.png 768w\" sizes=\"auto, (max-width: 1024px) 100vw, 1024px\" \/><\/a><\/figure><div class=\"wp-block-media-text__content\">\n<p><p align=\"justify\" style=\"font-size:18px\">Le yoga nidra te permet de naviguer dans les m\u00e9andres de ton subconscient et dans celui-ci tu es invit\u00e9 \u00e0 te connecter profond\u00e9ment avec l&rsquo;image d&rsquo;un arbre, un symbole de force, de croissance et de stabilit\u00e9.\u00a0<\/p>\n\n\n\n<p>Prochaine date de l&rsquo;atelier : prochainement&#8230;<\/p>\n<\/div><\/div>\n\n\n\n<hr class=\"wp-block-separator has-text-color has-alpha-channel-opacity has-background is-style-default\" style=\"background-color:#ffffff00;color:#ffffff00\"\/>\n\n\n\n<div class=\"wp-block-media-text is-stacked-on-mobile\" style=\"grid-template-columns:28% auto\" id=\"chakras\"><figure class=\"wp-block-media-text__media\"><a href=\"#chakras\"><img loading=\"lazy\" decoding=\"async\" width=\"869\" height=\"1024\" src=\"https:\/\/entrez-en-asana.com\/wp-content\/uploads\/2024\/05\/YOGA-NIDRA-CHAKRAS-869x1024.jpg\" alt=\"\" class=\"wp-image-2031 size-full\" srcset=\"https:\/\/entrez-en-asana.com\/wp-content\/uploads\/2024\/05\/YOGA-NIDRA-CHAKRAS-869x1024.jpg 869w, https:\/\/entrez-en-asana.com\/wp-content\/uploads\/2024\/05\/YOGA-NIDRA-CHAKRAS-255x300.jpg 255w, https:\/\/entrez-en-asana.com\/wp-content\/uploads\/2024\/05\/YOGA-NIDRA-CHAKRAS-768x905.jpg 768w, https:\/\/entrez-en-asana.com\/wp-content\/uploads\/2024\/05\/YOGA-NIDRA-CHAKRAS-1303x1536.jpg 1303w, https:\/\/entrez-en-asana.com\/wp-content\/uploads\/2024\/05\/YOGA-NIDRA-CHAKRAS-1738x2048.jpg 1738w\" sizes=\"auto, (max-width: 869px) 100vw, 869px\" \/><\/a><\/figure><div class=\"wp-block-media-text__content\">\n<p><p align=\"justify\" style=\"font-size:18px\">Dans ce yoga nidra, tu es convi\u00e9 \u00e0 un voyage int\u00e9rieur riche en couleurs et en sensations, reliant ton corps et ton esprit \u00e0 travers les centres \u00e9nerg\u00e9tiques. Cette pratique te guide \u00e0 travers une s\u00e9rie de visualisations color\u00e9es, te menant progressivement vers une conscience plus profonde. Le yoga nidra, dans sa nature apaisante et r\u00e9g\u00e9n\u00e9ratrice, t&rsquo;offre ici un espace pour te connecter avec ton essence la plus profonde, te permettant de naviguer \u00e0 travers les \u00e9tats de conscience et d&rsquo;exp\u00e9rimenter une relaxation profonde tout en maintenant une pr\u00e9sence attentive.<\/p>\n\n\n\n<p>Prochaine date de l&rsquo;atelier : prochainement&#8230;<\/p>\n<\/div><\/div>\n\n\n\n<hr class=\"wp-block-separator has-text-color has-alpha-channel-opacity has-background is-style-default\" style=\"background-color:#ffffff00;color:#ffffff00\"\/>\n\n\n\n<div class=\"wp-block-media-text is-stacked-on-mobile\" style=\"grid-template-columns:28% auto\" id=\"oeuf\"><figure class=\"wp-block-media-text__media\"><a href=\"#oeuf\"><img loading=\"lazy\" decoding=\"async\" width=\"876\" height=\"1024\" src=\"https:\/\/entrez-en-asana.com\/wp-content\/uploads\/2024\/05\/YOGA-NIDRA-Loeuf-dor-876x1024.jpg\" alt=\"\" class=\"wp-image-2033 size-full\" srcset=\"https:\/\/entrez-en-asana.com\/wp-content\/uploads\/2024\/05\/YOGA-NIDRA-Loeuf-dor-876x1024.jpg 876w, https:\/\/entrez-en-asana.com\/wp-content\/uploads\/2024\/05\/YOGA-NIDRA-Loeuf-dor-257x300.jpg 257w, https:\/\/entrez-en-asana.com\/wp-content\/uploads\/2024\/05\/YOGA-NIDRA-Loeuf-dor-768x898.jpg 768w, https:\/\/entrez-en-asana.com\/wp-content\/uploads\/2024\/05\/YOGA-NIDRA-Loeuf-dor-1314x1536.jpg 1314w, https:\/\/entrez-en-asana.com\/wp-content\/uploads\/2024\/05\/YOGA-NIDRA-Loeuf-dor-1751x2048.jpg 1751w\" sizes=\"auto, (max-width: 876px) 100vw, 876px\" \/><\/a><\/figure><div class=\"wp-block-media-text__content\">\n<p><p align=\"justify\" style=\"font-size:18px\">Le yoga nidra est une invitation \u00e0 la conscience et \u00e0 l&rsquo;\u00e9veil int\u00e9rieur, o\u00f9 le sommeil n&rsquo;est pas l&rsquo;objectif, mais plut\u00f4t un \u00e9tat de veille attentive. Cette s\u00e9ance convoque le symbole majeur de la pleine conscience en mettant l\u2019accent sur une grande richesse d\u2019images et de symboles de la vie int\u00e9rieure. Tu es invit\u00e9 \u00e0 exp\u00e9rimenter un \u00e9tat de relaxation et de conscience \u00e9veill\u00e9e, o\u00f9 le mental et l&rsquo;imaginaire travaillent ensemble pour r\u00e9v\u00e9ler des v\u00e9rit\u00e9s int\u00e9rieures et favoriser une transformation personnelle.<\/p>\n\n\n\n<p>Prochaine date de l&rsquo;atelier : prochainement&#8230;<\/p>\n<\/div><\/div>\n\n\n\n<hr class=\"wp-block-separator has-text-color has-alpha-channel-opacity has-background is-style-default\" style=\"background-color:#ffffff00;color:#ffffff00\"\/>\n\n\n\n<div class=\"wp-block-media-text is-stacked-on-mobile\" style=\"grid-template-columns:28% auto\" id=\"vivant\"><figure class=\"wp-block-media-text__media\"><img loading=\"lazy\" decoding=\"async\" width=\"790\" height=\"1024\" src=\"https:\/\/entrez-en-asana.com\/wp-content\/uploads\/2023\/12\/Affiche-Yoga-nidra-Manieres-detre-vivant-790x1024.jpg\" alt=\"\" class=\"wp-image-352 size-full\" srcset=\"https:\/\/entrez-en-asana.com\/wp-content\/uploads\/2023\/12\/Affiche-Yoga-nidra-Manieres-detre-vivant-790x1024.jpg 790w, https:\/\/entrez-en-asana.com\/wp-content\/uploads\/2023\/12\/Affiche-Yoga-nidra-Manieres-detre-vivant-232x300.jpg 232w, https:\/\/entrez-en-asana.com\/wp-content\/uploads\/2023\/12\/Affiche-Yoga-nidra-Manieres-detre-vivant-768x995.jpg 768w, https:\/\/entrez-en-asana.com\/wp-content\/uploads\/2023\/12\/Affiche-Yoga-nidra-Manieres-detre-vivant-1185x1536.jpg 1185w, https:\/\/entrez-en-asana.com\/wp-content\/uploads\/2023\/12\/Affiche-Yoga-nidra-Manieres-detre-vivant-1581x2048.jpg 1581w, https:\/\/entrez-en-asana.com\/wp-content\/uploads\/2023\/12\/Affiche-Yoga-nidra-Manieres-detre-vivant-scaled.jpg 1976w\" sizes=\"auto, (max-width: 790px) 100vw, 790px\" \/><\/figure><div class=\"wp-block-media-text__content\">\n<p><p align=\"justify\" style=\"font-size:18px\">Ce yoga nidra t&rsquo;invite \u00e0 un voyage introspectif profond, te connectant \u00e0 l&rsquo;h\u00e9ritage \u00e9volutif et \u00e0 la conscience collective de l&rsquo;humanit\u00e9. Par une s\u00e9rie de visualisations et de prises de conscience, il te convie \u00e0 ressentir l&rsquo;unit\u00e9 avec le vivant, rappelant que chaque aspect de ton \u00eatre est un \u00e9cho des rythmes ancestraux de la vie. Cette pratique \u00e9veillera en toi un sentiment d&rsquo;appartenance \u00e0 un tout plus vaste, soulignant que nous sommes tous intimement li\u00e9s \u00e0 l&rsquo;histoire universelle de la vie.<\/p>\n\n\n\n<p>Prochaine date de l&rsquo;atelier : prochainement&#8230;<\/p>\n<\/div><\/div>\n\n\n\n<div class=\"wp-block-uagb-separator uagb-block-f1f0a3f6\"><div class=\"wp-block-uagb-separator__inner\" style=\"--my-background-image:\"><\/div><\/div>\n\n\n\n<hr class=\"wp-block-separator has-text-color has-alpha-channel-opacity has-background is-style-default\" style=\"background-color:#ffffff00;color:#ffffff00\"\/>\n\n\n\n<div class=\"wp-block-media-text is-stacked-on-mobile\" style=\"grid-template-columns:28% auto\" id=\"goutte\"><figure class=\"wp-block-media-text__media\"><a href=\"#goutte\"><img loading=\"lazy\" decoding=\"async\" width=\"708\" height=\"1024\" src=\"https:\/\/entrez-en-asana.com\/wp-content\/uploads\/2023\/12\/yoga-nidra-eau-708x1024.jpg\" alt=\"\" class=\"wp-image-350 size-full\" srcset=\"https:\/\/entrez-en-asana.com\/wp-content\/uploads\/2023\/12\/yoga-nidra-eau-708x1024.jpg 708w, https:\/\/entrez-en-asana.com\/wp-content\/uploads\/2023\/12\/yoga-nidra-eau-208x300.jpg 208w, https:\/\/entrez-en-asana.com\/wp-content\/uploads\/2023\/12\/yoga-nidra-eau-768x1110.jpg 768w, https:\/\/entrez-en-asana.com\/wp-content\/uploads\/2023\/12\/yoga-nidra-eau-1063x1536.jpg 1063w, https:\/\/entrez-en-asana.com\/wp-content\/uploads\/2023\/12\/yoga-nidra-eau-1417x2048.jpg 1417w, https:\/\/entrez-en-asana.com\/wp-content\/uploads\/2023\/12\/yoga-nidra-eau-scaled.jpg 1771w\" sizes=\"auto, (max-width: 708px) 100vw, 708px\" \/><\/a><\/figure><div class=\"wp-block-media-text__content\">\n<p><p align=\"justify\" style=\"font-size:18px\">Ce yoga nidra te guide dans un voyage int\u00e9rieur o\u00f9 la perception du temps est transform\u00e9e, o\u00f9 \u00e0 travers une visualisation symbolique, tu es amen\u00e9 \u00e0 vivre l\u2019incroyable puissance du cycle de l\u2019eau. Cette s\u00e9ance vise \u00e0 te faire savourer le moment pr\u00e9sent, t&rsquo;\u00e9levant au-del\u00e0 des contraintes temporelles vers une exp\u00e9rience d&rsquo;\u00e9ternit\u00e9.<\/p>\n\n\n\n<p>Date de l&rsquo;atelier : 7 d\u00e9cembre 2024. Inscription : <a href=\"https:\/\/docs.google.com\/forms\/d\/e\/1FAIpQLScFaQcsveF3RgPLF1x5qZmIU-EkBb4VUhgnkvb9d3qrCpDZxg\/viewform\">Cliquez ici<\/a><\/p>\n<\/div><\/div>\n\n\n\n<hr class=\"wp-block-separator has-text-color has-alpha-channel-opacity has-background is-style-default\" style=\"background-color:#ffffff00;color:#ffffff00\"\/>\n\n\n\n<div class=\"wp-block-media-text is-stacked-on-mobile\" style=\"grid-template-columns:28% auto\" id=\"terretciel\"><figure class=\"wp-block-media-text__media\"><a href=\"#terretciel\"><img loading=\"lazy\" decoding=\"async\" width=\"651\" height=\"1024\" src=\"https:\/\/entrez-en-asana.com\/wp-content\/uploads\/2024\/05\/Affiche-yoga-nidra-entre-terre-et-ciel-def-651x1024.png\" alt=\"\" class=\"wp-image-1853 size-full\" srcset=\"https:\/\/entrez-en-asana.com\/wp-content\/uploads\/2024\/05\/Affiche-yoga-nidra-entre-terre-et-ciel-def-651x1024.png 651w, https:\/\/entrez-en-asana.com\/wp-content\/uploads\/2024\/05\/Affiche-yoga-nidra-entre-terre-et-ciel-def-191x300.png 191w, https:\/\/entrez-en-asana.com\/wp-content\/uploads\/2024\/05\/Affiche-yoga-nidra-entre-terre-et-ciel-def-768x1207.png 768w, https:\/\/entrez-en-asana.com\/wp-content\/uploads\/2024\/05\/Affiche-yoga-nidra-entre-terre-et-ciel-def-977x1536.png 977w, https:\/\/entrez-en-asana.com\/wp-content\/uploads\/2024\/05\/Affiche-yoga-nidra-entre-terre-et-ciel-def.png 1023w\" sizes=\"auto, (max-width: 651px) 100vw, 651px\" \/><\/a><\/figure><div class=\"wp-block-media-text__content\">\n<p><p align=\"justify\" style=\"font-size:18px\"> Au moyen d&rsquo;une m\u00e9taphore d\u2019un paysage int\u00e9rieur vivant entre terre et ciel, c e yoga nidra t\u2019offre une exploration profonde de la r\u00e9sonance existant entre deux vastes r\u00e9seaux complexes, deux \u00e9cosyst\u00e8mes fondamentaux : le cerveau et la flore microbienne. \u00c0 travers des visualisations captivantes, tu voyageras de l&rsquo;univers complexe de tes neurones au monde grouillant de vie de ton microbiote intestinal, d\u00e9couvrant le dialogue subtil qui se joue entre eux. Ce yoga nidra te guide vers une compr\u00e9hension enrichie de ton essence, t&rsquo;amenant \u00e0 ressentir comment tu incarnes un pont entre le mat\u00e9riel et le spirituel, tout en cultivant une paix int\u00e9rieure et une harmonie globale.<\/p>\n\n\n\n<p><p align=\"justify\" style=\"font-size:18px\">Prochaine date de l&rsquo;atelier : prochainement&#8230;<\/p>\n<\/div><\/div>\n","protected":false},"excerpt":{"rendered":"<p>Yoga Nidra C&rsquo;est le Yoga du Sommeil. Le terme nidr\u0101 traduit depuis le sanskrit d\u00e9signe \u00ab un \u00e9tat de conscience mi-endormi mi-\u00e9veill\u00e9 n\u00e9cessitant la pleine utilisation de ses facult\u00e9s mentales.\u00bb&hellip;&nbsp;<a href=\"https:\/\/entrez-en-asana.com\/index.php\/yoga-nidra\/\" class=\"\" rel=\"bookmark\">Lire la suite &raquo;<span class=\"screen-reader-text\">Yoga Nidra<\/span><\/a><\/p>\n","protected":false},"author":1,"featured_media":0,"parent":0,"menu_order":0,"comment_status":"closed","ping_status":"closed","template":"","meta":{"content-type":"","_uag_custom_page_level_css":"","neve_meta_sidebar":"","neve_meta_container":"","neve_meta_enable_content_width":"","neve_meta_content_width":0,"neve_meta_title_alignment":"center","neve_meta_author_avatar":"","neve_post_elements_order":"","neve_meta_disable_header":"","neve_meta_disable_footer":"","neve_meta_disable_title":"on","_ti_tpc_template_sync":false,"_ti_tpc_template_id":"","footnotes":""},"class_list":["post-263","page","type-page","status-publish","hentry"],"uagb_featured_image_src":{"full":false,"thumbnail":false,"medium":false,"medium_large":false,"large":false,"1536x1536":false,"2048x2048":false,"neve-blog":false},"uagb_author_info":{"display_name":"admin2026","author_link":"https:\/\/entrez-en-asana.com\/index.php\/author\/admin2026\/"},"uagb_comment_info":0,"uagb_excerpt":"Yoga Nidra C&rsquo;est le Yoga du Sommeil. Le terme nidr\u0101 traduit depuis le sanskrit d\u00e9signe \u00ab un \u00e9tat de conscience mi-endormi mi-\u00e9veill\u00e9 n\u00e9cessitant la pleine utilisation de ses facult\u00e9s mentales.\u00bb&hellip;&nbsp;Lire la suite &raquo;Yoga Nidra","_links":{"self":[{"href":"https:\/\/entrez-en-asana.com\/index.php\/wp-json\/wp\/v2\/pages\/263","targetHints":{"allow":["GET"]}}],"collection":[{"href":"https:\/\/entrez-en-asana.com\/index.php\/wp-json\/wp\/v2\/pages"}],"about":[{"href":"https:\/\/entrez-en-asana.com\/index.php\/wp-json\/wp\/v2\/types\/page"}],"author":[{"embeddable":true,"href":"https:\/\/entrez-en-asana.com\/index.php\/wp-json\/wp\/v2\/users\/1"}],"replies":[{"embeddable":true,"href":"https:\/\/entrez-en-asana.com\/index.php\/wp-json\/wp\/v2\/comments?post=263"}],"version-history":[{"count":60,"href":"https:\/\/entrez-en-asana.com\/index.php\/wp-json\/wp\/v2\/pages\/263\/revisions"}],"predecessor-version":[{"id":2593,"href":"https:\/\/entrez-en-asana.com\/index.php\/wp-json\/wp\/v2\/pages\/263\/revisions\/2593"}],"wp:attachment":[{"href":"https:\/\/entrez-en-asana.com\/index.php\/wp-json\/wp\/v2\/media?parent=263"}],"curies":[{"name":"wp","href":"https:\/\/api.w.org\/{rel}","templated":true}]}}