{"id":143,"date":"2023-12-02T18:12:15","date_gmt":"2023-12-02T17:12:15","guid":{"rendered":"https:\/\/entrez-en-asana.com\/?page_id=143"},"modified":"2025-12-18T22:55:06","modified_gmt":"2025-12-18T21:55:06","slug":"planning","status":"publish","type":"page","link":"https:\/\/entrez-en-asana.com\/index.php\/planning\/","title":{"rendered":"Cours"},"content":{"rendered":"\n<hr class=\"wp-block-separator alignfull has-text-color has-alpha-channel-opacity has-background\" style=\"background-color:#ffffff00;color:#ffffff00\"\/>\n\n\n\n<hr class=\"wp-block-separator alignfull has-text-color has-alpha-channel-opacity has-background is-style-default\" style=\"background-color:#ffffff00;color:#ffffff00\"\/>\n\n\n\n<div class=\"wp-block-uagb-advanced-heading uagb-block-068fa0bd\"><h2 class=\"uagb-heading-text\">Planning hebdomadaire <br>des cours collectifs <\/h2><\/div>\n\n\n\n<hr class=\"wp-block-separator alignfull has-text-color has-alpha-channel-opacity has-background is-style-default\" style=\"background-color:#ffffff00;color:#ffffff00\"\/>\n\n\n\n<hr class=\"wp-block-separator alignfull has-text-color has-alpha-channel-opacity has-background is-style-default\" style=\"background-color:#ffffff00;color:#ffffff00\"\/>\n\n\n\n<div class=\"planning-container\">\n  <table class=\"planning\">\n    <thead>\n      <tr>\n        <th>Jour<\/th>\n        <th>Lieu &#038; Association<\/th>\n        <th>Horaires<\/th>\n      <\/tr>\n    <\/thead>\n    <tbody>\n      <!-- Lundi -->\n      <tr>\n        <td class=\"jour\">\n          <img decoding=\"async\" src=\"https:\/\/entrez-en-asana.com\/wp-content\/uploads\/2024\/01\/Posture-yoga-1.png\" alt=\"Yoga Lundi\">\n          <p>Lundi<\/p>\n        <\/td>\n        <td class=\"logo\">\n          <a href=\"https:\/\/www.les-lezards-de-lezinnes.fr\/page\/1234957-yoga\" target=\"_blank\">\n            <img decoding=\"async\" src=\"https:\/\/entrez-en-asana.com\/wp-content\/uploads\/2023\/12\/logo-lezard-ess.png\" alt=\"Logo Les L\u00e9zards de Lezinnes\">\n          <\/a>\n          <p>Moulin de la Gravi\u00e8re<\/p>\n        <\/td>\n        <td class=\"info\">\n          <p>1er cours (d\u00e9butants) : 17h30 \u00e0 18h45<\/p>\n          <p>2\u00e8me cours : 20h00 \u00e0 21h15<\/p>\n        <\/td>\n      <\/tr>\n\n      <!-- Mercredi -->\n      <tr>\n        <td class=\"jour\">\n          <img decoding=\"async\" src=\"https:\/\/entrez-en-asana.com\/wp-content\/uploads\/2024\/01\/Posture-de-yoga-4.png\" alt=\"Yoga Mercredi\">\n          <p>Mercredi<\/p>\n        <\/td>\n        <td class=\"logo\">\n          <a href=\"https:\/\/entrez-en-asana.com\/index.php\/lart-du-yoga-2\/\" target=\"_blank\">\n            <img decoding=\"async\" src=\"https:\/\/entrez-en-asana.com\/wp-content\/uploads\/2025\/06\/ChatGPT-Image-25-juin-2025-17_13_24.png\" alt=\"Logo Yoga Tonnerre\">\n          <\/a>\n          <p>Salle de Motricit\u00e9<br>Ecole Pasteur<br>Tonnerre<\/p>\n        <\/td>\n        <td class=\"info\">\n          <p>1er cours  : 17h30 \u00e0 18h45<\/p>\n          <p>2\u00e8me cours : 19h00 \u00e0 20h15<\/p>\n        <\/td>\n      <\/tr>\n\n    \n \n      <!-- Vendredi -->\n      <tr>\n        <td class=\"jour\">\n          <img decoding=\"async\" src=\"https:\/\/entrez-en-asana.com\/wp-content\/uploads\/2024\/01\/Posture-de-yoga-5.png\" alt=\"Yoga Vendredi\">\n          <p>Vendredi<\/p>\n        <\/td>\n        <td class=\"logo\">\n          <a href=\"https:\/\/www.facebook.com\/profile.php?id=100057410051256\" target=\"_blank\">\n            <img decoding=\"async\" src=\"https:\/\/entrez-en-asana.com\/wp-content\/uploads\/2024\/12\/371862713_797650542158607_5938683473011666895_n.png\" alt=\"Logo Foyer des Jeunes\">\n          <\/a>\n          <p>Gymnase<br>Flogny-la-Chapelle<\/p>\n        <\/td>\n        <td class=\"info\">\n          <p>Cours de yoga : 18h45 \u00e0 20h00<\/p>\n        <\/td>\n      <\/tr>\n\n      <!-- Samedi -->\n      <tr>\n        <td class=\"jour\">\n          <img decoding=\"async\" src=\"https:\/\/entrez-en-asana.com\/wp-content\/uploads\/2024\/01\/posture-yoga-2.png\" alt=\"Yoga Samedi\">\n          <p>Samedi<\/p>\n       <\/td>\n        <td class=\"logo\">\n          <a href=\"https:\/\/entrez-en-asana.com\/index.php\/lart-du-yoga-2\/\" target=\"_blank\">\n            <img decoding=\"async\" src=\"https:\/\/entrez-en-asana.com\/wp-content\/uploads\/2025\/06\/ChatGPT-Image-25-juin-2025-17_13_24.png\" alt=\"Logo Yoga Tonnerre\">\n          <\/a>\n          <p>Salle de Motricit\u00e9<br>Ecole Pasteur<br>Tonnerre<\/p>\n        <\/td>\n        <td class=\"info\">\n          <p>Atelier intensif de yoga : 14h \u00e0 17h00 (me demander les dates) <\/p>\n        <\/td>\n      <\/tr>\n\n    <\/tbody>\n  <\/table>\n<\/div>\n\n<style>\n.planning-container {\n  margin: 30px auto;\n  max-width: 1200px;\n}\n\n.planning {\n  width: 100%;\n  border-collapse: collapse;\n  box-shadow: 0 4px 8px rgba(0, 0, 0, 0.1);\n}\n\n.planning th, .planning td {\n  padding: 15px;\n  text-align: center;\n  vertical-align: middle;\n  border: 1px solid #ddd;\n}\n\n.planning th {\n  background: linear-gradient(180deg, #edce9a, #d5a8a4);\n  color: white;\n  text-transform: uppercase;\n  font-size: 18px;\n}\n\n.jour img {\n  max-width: 120px;\n  height: auto;\n}\n\n.jour p {\n  font-size: 22px;\n  font-weight: bold;\n  margin: 5px 0 0 0;\n}\n\n.logo img {\n  max-width: 80px;\n  height: auto;\n}\n\n.logo p {\n  margin-top: 5px;\n  font-size: 16px;\n}\n\n.info {\n  color: #555;\n  font-size: 18px;\n  text-align: left;\n}\n\n@media (max-width: 600px) {\n  .planning th, .planning td {\n    padding: 10px;\n  }\n\n  .jour img, .logo img {\n    max-width: 50px;\n  }\n\n  .jour p {\n    font-size: 16px;\n  }\n\n  .info {\n    font-size: 12px;\n  }\n}\n<\/style>\n\n\n\n<div class=\"wp-block-uagb-separator uagb-block-0286d00b\"><div class=\"wp-block-uagb-separator__inner\" style=\"--my-background-image:\"><\/div><\/div>\n\n\n\n<div class=\"wp-block-uagb-advanced-heading uagb-block-acee9dbe\"><h2 class=\"uagb-heading-text\">PLANNING DES ATELIERS ET STAGES \u00c9T\u00c9 <\/h2><\/div>\n\n\n\n<div class=\"wp-block-uagb-separator uagb-block-9f947725\"><div class=\"wp-block-uagb-separator__inner\" style=\"--my-background-image:\"><\/div><\/div>\n\n\n\n<div class=\"wp-block-uagb-separator uagb-block-be70d408\"><div class=\"wp-block-uagb-separator__inner\" style=\"--my-background-image:\"><\/div><\/div>\n\n\n\n\n\n<p><\/p>\n","protected":false},"excerpt":{"rendered":"<p>Planning hebdomadaire des cours collectifs Jour Lieu &#038; Association Horaires Lundi Moulin de la Gravi\u00e8re 1er cours (d\u00e9butants) : 17h30 \u00e0 18h45 2\u00e8me cours : 20h00 \u00e0 21h15 Mercredi Salle&hellip;&nbsp;<a href=\"https:\/\/entrez-en-asana.com\/index.php\/planning\/\" class=\"\" rel=\"bookmark\">Lire la suite &raquo;<span class=\"screen-reader-text\">Cours<\/span><\/a><\/p>\n","protected":false},"author":1,"featured_media":0,"parent":0,"menu_order":0,"comment_status":"closed","ping_status":"closed","template":"","meta":{"content-type":"","_uag_custom_page_level_css":"","neve_meta_sidebar":"default","neve_meta_container":"default","neve_meta_enable_content_width":"","neve_meta_content_width":70,"neve_meta_title_alignment":"center","neve_meta_author_avatar":"","neve_post_elements_order":"","neve_meta_disable_header":"","neve_meta_disable_footer":"","neve_meta_disable_title":"on","_ti_tpc_template_sync":false,"_ti_tpc_template_id":"","footnotes":""},"class_list":["post-143","page","type-page","status-publish","hentry"],"uagb_featured_image_src":{"full":false,"thumbnail":false,"medium":false,"medium_large":false,"large":false,"1536x1536":false,"2048x2048":false,"neve-blog":false},"uagb_author_info":{"display_name":"admin2026","author_link":"https:\/\/entrez-en-asana.com\/index.php\/author\/admin2026\/"},"uagb_comment_info":0,"uagb_excerpt":"Planning hebdomadaire des cours collectifs Jour Lieu &#038; Association Horaires Lundi Moulin de la Gravi\u00e8re 1er cours (d\u00e9butants) : 17h30 \u00e0 18h45 2\u00e8me cours : 20h00 \u00e0 21h15 Mercredi Salle&hellip;&nbsp;Lire la suite &raquo;Cours","_links":{"self":[{"href":"https:\/\/entrez-en-asana.com\/index.php\/wp-json\/wp\/v2\/pages\/143","targetHints":{"allow":["GET"]}}],"collection":[{"href":"https:\/\/entrez-en-asana.com\/index.php\/wp-json\/wp\/v2\/pages"}],"about":[{"href":"https:\/\/entrez-en-asana.com\/index.php\/wp-json\/wp\/v2\/types\/page"}],"author":[{"embeddable":true,"href":"https:\/\/entrez-en-asana.com\/index.php\/wp-json\/wp\/v2\/users\/1"}],"replies":[{"embeddable":true,"href":"https:\/\/entrez-en-asana.com\/index.php\/wp-json\/wp\/v2\/comments?post=143"}],"version-history":[{"count":205,"href":"https:\/\/entrez-en-asana.com\/index.php\/wp-json\/wp\/v2\/pages\/143\/revisions"}],"predecessor-version":[{"id":2679,"href":"https:\/\/entrez-en-asana.com\/index.php\/wp-json\/wp\/v2\/pages\/143\/revisions\/2679"}],"wp:attachment":[{"href":"https:\/\/entrez-en-asana.com\/index.php\/wp-json\/wp\/v2\/media?parent=143"}],"curies":[{"name":"wp","href":"https:\/\/api.w.org\/{rel}","templated":true}]}}